{"id":434,"date":"2015-07-07T20:55:52","date_gmt":"2015-07-07T20:55:52","guid":{"rendered":"http:\/\/zoutula.com\/themes\/kiddie\/?page_id=434"},"modified":"2026-01-06T07:23:58","modified_gmt":"2026-01-06T06:23:58","slug":"about-us","status":"publish","type":"page","link":"https:\/\/www.prokind-bensheim.de\/?page_id=434","title":{"rendered":"\u00dcber uns"},"content":{"rendered":"\n<p>Pro Kind e.V. Bensheim wurde 1989 in Bensheim-Auerbach er\u00f6ffnet. Damit ist unsere Kindereinrichtung die \u00e4lteste Krippe der Region und blickt auf ein \u00fcber 30-j\u00e4hriges Bestehen zur\u00fcck.<\/p>\n\n\n\n<p>In unserer vom Jugendamt anerkannten Kinderkrippe werden bis zu 12 Kinder, in einer altersgemischten Gruppe von 9 Monaten bis zum Kindergarteneintritt, betreut.<\/p>\n\n\n\n<p>Unerl\u00e4sslich f\u00fcr unser erfolgreiches Vereinsbestehen ist die enge und famili\u00e4re Zusammenarbeit zwischen Betreuerteam und Eltern.<\/p>\n\n\n\n<p>Gemeinsam mit den Kindern, Erzieherinnen und Eltern entscheiden und gestalten wir das Vereinsleben.<\/p>\n\n\n\n<p>Das Team gef\u00fchrt von unserer Leiterin Angelina Lody stellen wir <u>hier<\/u> oder unter dem Untermen\u00fc-Punkt &#8222;Das sind wir&#8220; vor.<\/p>\n\n\n\n<p>Der Vorstand setzt sich aus&nbsp;vier Eltern zusammen. Diese Eltern verwalten, organisieren und koordinieren das Drumherum des Krippenalltags. Der ehrenamtliche Einsatz umfasst unter anderem das Verwalten der Finanzen, die \u00d6ffentlichkeitsarbeit und die enge Kommuniktion zwischen Eltern und Betreuerteam.<\/p>\n\n\n\n<p>F\u00fcr das aktuelle Kalenderjahr setzt sich der Vorstand aus folgenden Eltern zusammen:<\/p>\n\n\n\n<ul class=\"wp-block-list\">\n<li>Lev Keimes \u2013 1. Vorsitzender<\/li>\n\n\n\n<li>Lena Haas &#8211; Stellv. Vorsitzende<\/li>\n\n\n\n<li>Jaqueline Benz \u2013 Kassenwart<\/li>\n\n\n\n<li>Laura Hamzi \u2013 Schriftf\u00fchrerin<\/li>\n<\/ul>\n\n\n\n<p>Bei Fragen rund um unseren Verein k\u00f6nnen Sie uns jederzeit \u00fcber <a href=\"mailto: vorstand@prokind-bensheim.de\">vorstand@prokind-bensheim.de<\/a> kontaktieren<\/p>\n\n\n\n<p><a href=\"https:\/\/www.prokind-bensheim.de\/wp-content\/uploads\/2022\/01\/2021-03-04-Satzung-ProKind-.pdf\" data-type=\"URL\">Hier<\/a> geht es zur aktuell g\u00fcltigen Satzung des Pro Kind e.V.!<\/p>\n\n\n\n<p><br><\/p>\n","protected":false},"excerpt":{"rendered":"<p>Pro Kind e.V. Bensheim wurde 1989 in Bensheim-Auerbach er\u00f6ffnet. Damit ist unsere Kindereinrichtung die \u00e4lteste Krippe der Region und blickt auf ein \u00fcber 30-j\u00e4hriges Bestehen zur\u00fcck. In unserer vom Jugendamt anerkannten Kinderkrippe werden bis zu 12 Kinder, in einer altersgemischten Gruppe von 9 Monaten bis zum Kindergarteneintritt, betreut. Unerl\u00e4sslich f\u00fcr unser erfolgreiches Vereinsbestehen ist die [&hellip;]<\/p>\n","protected":false},"author":2,"featured_media":0,"parent":0,"menu_order":0,"comment_status":"closed","ping_status":"open","template":"template-about-us.php","meta":{"footnotes":""},"class_list":["post-434","page","type-page","status-publish","hentry"],"_links":{"self":[{"href":"https:\/\/www.prokind-bensheim.de\/index.php?rest_route=\/wp\/v2\/pages\/434"}],"collection":[{"href":"https:\/\/www.prokind-bensheim.de\/index.php?rest_route=\/wp\/v2\/pages"}],"about":[{"href":"https:\/\/www.prokind-bensheim.de\/index.php?rest_route=\/wp\/v2\/types\/page"}],"author":[{"embeddable":true,"href":"https:\/\/www.prokind-bensheim.de\/index.php?rest_route=\/wp\/v2\/users\/2"}],"replies":[{"embeddable":true,"href":"https:\/\/www.prokind-bensheim.de\/index.php?rest_route=%2Fwp%2Fv2%2Fcomments&post=434"}],"version-history":[{"count":38,"href":"https:\/\/www.prokind-bensheim.de\/index.php?rest_route=\/wp\/v2\/pages\/434\/revisions"}],"predecessor-version":[{"id":4756,"href":"https:\/\/www.prokind-bensheim.de\/index.php?rest_route=\/wp\/v2\/pages\/434\/revisions\/4756"}],"wp:attachment":[{"href":"https:\/\/www.prokind-bensheim.de\/index.php?rest_route=%2Fwp%2Fv2%2Fmedia&parent=434"}],"curies":[{"name":"wp","href":"https:\/\/api.w.org\/{rel}","templated":true}]}}