{"id":4068,"date":"2019-03-28T23:09:37","date_gmt":"2019-03-28T23:09:37","guid":{"rendered":"http:\/\/www.prokind-bensheim.de\/?page_id=4068"},"modified":"2025-01-30T10:47:39","modified_gmt":"2025-01-30T09:47:39","slug":"tagesablauf","status":"publish","type":"page","link":"https:\/\/www.prokind-bensheim.de\/?page_id=4068","title":{"rendered":"Tagesablauf"},"content":{"rendered":"\n<p>Um 7.00 Uhr darf ich in die Krippe kommen.<\/p>\n\n\n\n<p>Nachdem ich mich von meiner Mama oder meinem Papa verabschiedet habe, spiele ich in der M\u00e4use- Gruppe. Dort spielen wir dann bis alle kommen.<\/p>\n\n\n\n<p>Am liebsten schaue ich aus dem Fenster, lass mir ein Buch vorlesen oder baue in der Bauecke.<\/p>\n\n\n\n<figure class=\"wp-block-gallery has-nested-images columns-default is-cropped wp-block-gallery-1 is-layout-flex wp-block-gallery-is-layout-flex\">\n<figure class=\"wp-block-image size-large\"><img loading=\"lazy\" decoding=\"async\" width=\"989\" height=\"1024\" data-id=\"4694\" src=\"https:\/\/www.prokind-bensheim.de\/wp-content\/uploads\/2025\/01\/4eadb99d-7f5a-40ba-af04-cba625f77296-989x1024.jpg\" alt=\"\" class=\"wp-image-4694\" srcset=\"https:\/\/www.prokind-bensheim.de\/wp-content\/uploads\/2025\/01\/4eadb99d-7f5a-40ba-af04-cba625f77296-989x1024.jpg 989w, https:\/\/www.prokind-bensheim.de\/wp-content\/uploads\/2025\/01\/4eadb99d-7f5a-40ba-af04-cba625f77296-290x300.jpg 290w, https:\/\/www.prokind-bensheim.de\/wp-content\/uploads\/2025\/01\/4eadb99d-7f5a-40ba-af04-cba625f77296-768x795.jpg 768w, https:\/\/www.prokind-bensheim.de\/wp-content\/uploads\/2025\/01\/4eadb99d-7f5a-40ba-af04-cba625f77296-500x518.jpg 500w, https:\/\/www.prokind-bensheim.de\/wp-content\/uploads\/2025\/01\/4eadb99d-7f5a-40ba-af04-cba625f77296.jpg 1483w\" sizes=\"(max-width: 989px) 100vw, 989px\" \/><\/figure>\n\n\n\n<figure class=\"wp-block-image size-large\"><img loading=\"lazy\" decoding=\"async\" width=\"1024\" height=\"768\" data-id=\"4697\" src=\"https:\/\/www.prokind-bensheim.de\/wp-content\/uploads\/2025\/01\/IMG_3945-1024x768.jpg\" alt=\"\" class=\"wp-image-4697\" srcset=\"https:\/\/www.prokind-bensheim.de\/wp-content\/uploads\/2025\/01\/IMG_3945-1024x768.jpg 1024w, https:\/\/www.prokind-bensheim.de\/wp-content\/uploads\/2025\/01\/IMG_3945-300x225.jpg 300w, https:\/\/www.prokind-bensheim.de\/wp-content\/uploads\/2025\/01\/IMG_3945-768x576.jpg 768w, https:\/\/www.prokind-bensheim.de\/wp-content\/uploads\/2025\/01\/IMG_3945-1536x1152.jpg 1536w, https:\/\/www.prokind-bensheim.de\/wp-content\/uploads\/2025\/01\/IMG_3945-2048x1536.jpg 2048w, https:\/\/www.prokind-bensheim.de\/wp-content\/uploads\/2025\/01\/IMG_3945-600x450.jpg 600w, https:\/\/www.prokind-bensheim.de\/wp-content\/uploads\/2025\/01\/IMG_3945-500x375.jpg 500w\" sizes=\"(max-width: 1024px) 100vw, 1024px\" \/><\/figure>\n<\/figure>\n\n\n\n<p>Bis 8.30 Uhr m\u00fcssen wir da sein, weil wir dann gemeinsam fr\u00fchst\u00fccken wollen. Wenn ich mal verschlafe oder etwas sp\u00e4ter kommen m\u00f6chte, darf ich das ab 9.00 Uhr.<\/p>\n\n\n\n<p>Zum Fr\u00fchst\u00fcck und zum Mittagessen gibt es einen Tischdienst. D. h. zwei Kinder d\u00fcrfen die L\u00e4tzchen und die Teller verteilen. Das mach ich immer ganz gerne.<\/p>\n\n\n\n<p>Bevor wir anfangen zu essen, singen wir unser \u201eGuten-Morgen-Lied\u201c und w\u00fcnschen uns einen Guten Appetit.<\/p>\n\n\n\n<figure class=\"wp-block-gallery has-nested-images columns-default is-cropped wp-block-gallery-2 is-layout-flex wp-block-gallery-is-layout-flex\">\n<figure class=\"wp-block-image size-large\"><img loading=\"lazy\" decoding=\"async\" width=\"768\" height=\"576\" data-id=\"3812\" src=\"https:\/\/www.prokind-bensheim.de\/wp-content\/uploads\/2019\/03\/IMG_1828-768x576.jpg\" alt=\"\" class=\"wp-image-3812\" srcset=\"https:\/\/www.prokind-bensheim.de\/wp-content\/uploads\/2019\/03\/IMG_1828-768x576.jpg 768w, https:\/\/www.prokind-bensheim.de\/wp-content\/uploads\/2019\/03\/IMG_1828-768x576-300x225.jpg 300w, https:\/\/www.prokind-bensheim.de\/wp-content\/uploads\/2019\/03\/IMG_1828-768x576-600x450.jpg 600w\" sizes=\"(max-width: 768px) 100vw, 768px\" \/><\/figure>\n<\/figure>\n\n\n\n<p>Nach dem Fr\u00fchst\u00fcck gehen wir in Gruppen ins Bad.  Die Gro\u00dfen gehen auf Toilette und die Kleinen werden gewickelt.<\/p>\n\n\n\n<p>Jetzt kommt unsere Freispielzeit. In dieser Zeit d\u00fcrfen wir uns aussuchen, mit was wir spielen m\u00f6chten.<\/p>\n\n\n\n<figure class=\"wp-block-gallery has-nested-images columns-default is-cropped wp-block-gallery-3 is-layout-flex wp-block-gallery-is-layout-flex\">\n<figure class=\"wp-block-image size-large\"><img loading=\"lazy\" decoding=\"async\" width=\"1024\" height=\"768\" data-id=\"4698\" src=\"https:\/\/www.prokind-bensheim.de\/wp-content\/uploads\/2025\/01\/hk-1024x768.jpg\" alt=\"\" class=\"wp-image-4698\" srcset=\"https:\/\/www.prokind-bensheim.de\/wp-content\/uploads\/2025\/01\/hk-1024x768.jpg 1024w, https:\/\/www.prokind-bensheim.de\/wp-content\/uploads\/2025\/01\/hk-300x225.jpg 300w, https:\/\/www.prokind-bensheim.de\/wp-content\/uploads\/2025\/01\/hk-768x576.jpg 768w, https:\/\/www.prokind-bensheim.de\/wp-content\/uploads\/2025\/01\/hk-1536x1152.jpg 1536w, https:\/\/www.prokind-bensheim.de\/wp-content\/uploads\/2025\/01\/hk-2048x1536.jpg 2048w, https:\/\/www.prokind-bensheim.de\/wp-content\/uploads\/2025\/01\/hk-600x450.jpg 600w, https:\/\/www.prokind-bensheim.de\/wp-content\/uploads\/2025\/01\/hk-500x375.jpg 500w\" sizes=\"(max-width: 1024px) 100vw, 1024px\" \/><\/figure>\n\n\n\n<figure class=\"wp-block-image size-large\"><img loading=\"lazy\" decoding=\"async\" width=\"1024\" height=\"683\" data-id=\"4700\" src=\"https:\/\/www.prokind-bensheim.de\/wp-content\/uploads\/2025\/01\/IMG_2238-1024x683.jpg\" alt=\"\" class=\"wp-image-4700\" srcset=\"https:\/\/www.prokind-bensheim.de\/wp-content\/uploads\/2025\/01\/IMG_2238-1024x683.jpg 1024w, https:\/\/www.prokind-bensheim.de\/wp-content\/uploads\/2025\/01\/IMG_2238-300x200.jpg 300w, https:\/\/www.prokind-bensheim.de\/wp-content\/uploads\/2025\/01\/IMG_2238-768x512.jpg 768w, https:\/\/www.prokind-bensheim.de\/wp-content\/uploads\/2025\/01\/IMG_2238-1536x1024.jpg 1536w, https:\/\/www.prokind-bensheim.de\/wp-content\/uploads\/2025\/01\/IMG_2238-2048x1365.jpg 2048w, https:\/\/www.prokind-bensheim.de\/wp-content\/uploads\/2025\/01\/IMG_2238-1200x800.jpg 1200w, https:\/\/www.prokind-bensheim.de\/wp-content\/uploads\/2025\/01\/IMG_2238-500x333.jpg 500w\" sizes=\"(max-width: 1024px) 100vw, 1024px\" \/><\/figure>\n\n\n\n<figure class=\"wp-block-image size-large\"><img loading=\"lazy\" decoding=\"async\" width=\"1024\" height=\"683\" data-id=\"4701\" src=\"https:\/\/www.prokind-bensheim.de\/wp-content\/uploads\/2025\/01\/IMG_0297-1024x683.jpg\" alt=\"\" class=\"wp-image-4701\" srcset=\"https:\/\/www.prokind-bensheim.de\/wp-content\/uploads\/2025\/01\/IMG_0297-1024x683.jpg 1024w, https:\/\/www.prokind-bensheim.de\/wp-content\/uploads\/2025\/01\/IMG_0297-300x200.jpg 300w, https:\/\/www.prokind-bensheim.de\/wp-content\/uploads\/2025\/01\/IMG_0297-768x512.jpg 768w, https:\/\/www.prokind-bensheim.de\/wp-content\/uploads\/2025\/01\/IMG_0297-1536x1024.jpg 1536w, https:\/\/www.prokind-bensheim.de\/wp-content\/uploads\/2025\/01\/IMG_0297-2048x1365.jpg 2048w, https:\/\/www.prokind-bensheim.de\/wp-content\/uploads\/2025\/01\/IMG_0297-1200x800.jpg 1200w, https:\/\/www.prokind-bensheim.de\/wp-content\/uploads\/2025\/01\/IMG_0297-500x333.jpg 500w\" sizes=\"(max-width: 1024px) 100vw, 1024px\" \/><\/figure>\n<\/figure>\n\n\n\n<p>Was wir gerne als Angebot machen wollen, d\u00fcrfen wir in der Kinderkonferenz sagen, die wir einmal in der Woche machen. Die Kinderkonferenz beginnt und endet mit dem Glockenl\u00e4uten. Jeder darf mal l\u00e4uten.<\/p>\n\n\n\n<p>Am liebsten wandere ich zu den Enten oder lasse mich gerne von den kreativen Ideen meiner Erzieherinnen \u00fcberraschen und nehme mit Freude daran teil.<\/p>\n\n\n\n<figure class=\"wp-block-gallery has-nested-images columns-2 is-cropped wp-block-gallery-4 is-layout-flex wp-block-gallery-is-layout-flex\">\n<figure class=\"wp-block-image size-large\"><img loading=\"lazy\" decoding=\"async\" width=\"1024\" height=\"683\" data-id=\"4702\" src=\"https:\/\/www.prokind-bensheim.de\/wp-content\/uploads\/2025\/01\/IMG_1092-1024x683.jpg\" alt=\"\" class=\"wp-image-4702\" srcset=\"https:\/\/www.prokind-bensheim.de\/wp-content\/uploads\/2025\/01\/IMG_1092-1024x683.jpg 1024w, https:\/\/www.prokind-bensheim.de\/wp-content\/uploads\/2025\/01\/IMG_1092-300x200.jpg 300w, https:\/\/www.prokind-bensheim.de\/wp-content\/uploads\/2025\/01\/IMG_1092-768x512.jpg 768w, https:\/\/www.prokind-bensheim.de\/wp-content\/uploads\/2025\/01\/IMG_1092-1536x1024.jpg 1536w, https:\/\/www.prokind-bensheim.de\/wp-content\/uploads\/2025\/01\/IMG_1092-2048x1365.jpg 2048w, https:\/\/www.prokind-bensheim.de\/wp-content\/uploads\/2025\/01\/IMG_1092-1200x800.jpg 1200w, https:\/\/www.prokind-bensheim.de\/wp-content\/uploads\/2025\/01\/IMG_1092-500x333.jpg 500w\" sizes=\"(max-width: 1024px) 100vw, 1024px\" \/><\/figure>\n\n\n\n<figure class=\"wp-block-image size-large\"><img loading=\"lazy\" decoding=\"async\" width=\"768\" height=\"1024\" data-id=\"4703\" src=\"https:\/\/www.prokind-bensheim.de\/wp-content\/uploads\/2025\/01\/IMG_4219-768x1024.jpg\" alt=\"\" class=\"wp-image-4703\" srcset=\"https:\/\/www.prokind-bensheim.de\/wp-content\/uploads\/2025\/01\/IMG_4219-768x1024.jpg 768w, https:\/\/www.prokind-bensheim.de\/wp-content\/uploads\/2025\/01\/IMG_4219-225x300.jpg 225w, https:\/\/www.prokind-bensheim.de\/wp-content\/uploads\/2025\/01\/IMG_4219-1152x1536.jpg 1152w, https:\/\/www.prokind-bensheim.de\/wp-content\/uploads\/2025\/01\/IMG_4219-1536x2048.jpg 1536w, https:\/\/www.prokind-bensheim.de\/wp-content\/uploads\/2025\/01\/IMG_4219-500x667.jpg 500w, https:\/\/www.prokind-bensheim.de\/wp-content\/uploads\/2025\/01\/IMG_4219-scaled.jpg 1920w\" sizes=\"(max-width: 768px) 100vw, 768px\" \/><\/figure>\n\n\n\n<figure class=\"wp-block-image size-large\"><img loading=\"lazy\" decoding=\"async\" width=\"1024\" height=\"829\" data-id=\"4704\" src=\"https:\/\/www.prokind-bensheim.de\/wp-content\/uploads\/2025\/01\/IMG_3817-1024x829.jpg\" alt=\"\" class=\"wp-image-4704\" srcset=\"https:\/\/www.prokind-bensheim.de\/wp-content\/uploads\/2025\/01\/IMG_3817-1024x829.jpg 1024w, https:\/\/www.prokind-bensheim.de\/wp-content\/uploads\/2025\/01\/IMG_3817-300x243.jpg 300w, https:\/\/www.prokind-bensheim.de\/wp-content\/uploads\/2025\/01\/IMG_3817-768x622.jpg 768w, https:\/\/www.prokind-bensheim.de\/wp-content\/uploads\/2025\/01\/IMG_3817-1536x1243.jpg 1536w, https:\/\/www.prokind-bensheim.de\/wp-content\/uploads\/2025\/01\/IMG_3817-2048x1658.jpg 2048w, https:\/\/www.prokind-bensheim.de\/wp-content\/uploads\/2025\/01\/IMG_3817-500x405.jpg 500w\" sizes=\"(max-width: 1024px) 100vw, 1024px\" \/><\/figure>\n\n\n\n<figure class=\"wp-block-image size-large\"><img loading=\"lazy\" decoding=\"async\" width=\"1024\" height=\"715\" data-id=\"4710\" src=\"https:\/\/www.prokind-bensheim.de\/wp-content\/uploads\/2025\/01\/hsgd-1024x715.jpg\" alt=\"\" class=\"wp-image-4710\" srcset=\"https:\/\/www.prokind-bensheim.de\/wp-content\/uploads\/2025\/01\/hsgd-1024x715.jpg 1024w, https:\/\/www.prokind-bensheim.de\/wp-content\/uploads\/2025\/01\/hsgd-300x209.jpg 300w, https:\/\/www.prokind-bensheim.de\/wp-content\/uploads\/2025\/01\/hsgd-768x536.jpg 768w, https:\/\/www.prokind-bensheim.de\/wp-content\/uploads\/2025\/01\/hsgd-500x349.jpg 500w, https:\/\/www.prokind-bensheim.de\/wp-content\/uploads\/2025\/01\/hsgd.jpg 1427w\" sizes=\"(max-width: 1024px) 100vw, 1024px\" \/><\/figure>\n<\/figure>\n\n\n\n<p><\/p>\n\n\n\n<figure class=\"wp-block-gallery has-nested-images columns-default is-cropped wp-block-gallery-5 is-layout-flex wp-block-gallery-is-layout-flex\">\n<figure class=\"wp-block-image size-large\"><img loading=\"lazy\" decoding=\"async\" width=\"1024\" height=\"683\" data-id=\"4706\" src=\"https:\/\/www.prokind-bensheim.de\/wp-content\/uploads\/2025\/01\/IMG_1094-1024x683.jpg\" alt=\"\" class=\"wp-image-4706\" srcset=\"https:\/\/www.prokind-bensheim.de\/wp-content\/uploads\/2025\/01\/IMG_1094-1024x683.jpg 1024w, https:\/\/www.prokind-bensheim.de\/wp-content\/uploads\/2025\/01\/IMG_1094-300x200.jpg 300w, https:\/\/www.prokind-bensheim.de\/wp-content\/uploads\/2025\/01\/IMG_1094-768x512.jpg 768w, https:\/\/www.prokind-bensheim.de\/wp-content\/uploads\/2025\/01\/IMG_1094-1536x1024.jpg 1536w, https:\/\/www.prokind-bensheim.de\/wp-content\/uploads\/2025\/01\/IMG_1094-2048x1365.jpg 2048w, https:\/\/www.prokind-bensheim.de\/wp-content\/uploads\/2025\/01\/IMG_1094-1200x800.jpg 1200w, https:\/\/www.prokind-bensheim.de\/wp-content\/uploads\/2025\/01\/IMG_1094-500x333.jpg 500w\" sizes=\"(max-width: 1024px) 100vw, 1024px\" \/><\/figure>\n<\/figure>\n\n\n\n<p><br>Um 11.15 Uhr ist dann Zeit f\u00fcr unser Mittagessen. Hier \u00fcbernehmen wieder zwei Kinder den Tischdienst .<\/p>\n\n\n\n<p>Es gibt immer leckere Sachen, die ich gerne esse.<br>Nach dem Essen wird das Z\u00e4hne putzen ge\u00fcbt und anschlie\u00dfend gehen wir ins Bad, um uns bettfertig zu machen.<\/p>\n\n\n\n<p>Gegen 12.15 Uhr beginnen wir mit unserem Stuhlkreis. Wir singen tolle lustige Lieder und machen Fingerspiele.<\/p>\n\n\n\n<p>Mittags bin ich dann schon sehr m\u00fcde und geh dann um 12.30 Uhr schlafen.<\/p>\n\n\n\n<p>Eine der Betreuerinnen ist mit im Raum und singt uns noch ein Lied oder streichelt uns, damit wir gut einschlafen k\u00f6nnen.<\/p>\n\n\n\n<figure class=\"wp-block-gallery has-nested-images columns-default is-cropped wp-block-gallery-6 is-layout-flex wp-block-gallery-is-layout-flex\">\n<figure class=\"wp-block-image size-large\"><img loading=\"lazy\" decoding=\"async\" width=\"768\" height=\"576\" data-id=\"3800\" src=\"https:\/\/www.prokind-bensheim.de\/wp-content\/uploads\/2019\/03\/IMG_0474-768x576.jpg\" alt=\"\" class=\"wp-image-3800\" srcset=\"https:\/\/www.prokind-bensheim.de\/wp-content\/uploads\/2019\/03\/IMG_0474-768x576.jpg 768w, https:\/\/www.prokind-bensheim.de\/wp-content\/uploads\/2019\/03\/IMG_0474-768x576-300x225.jpg 300w, https:\/\/www.prokind-bensheim.de\/wp-content\/uploads\/2019\/03\/IMG_0474-768x576-600x450.jpg 600w\" sizes=\"(max-width: 768px) 100vw, 768px\" \/><\/figure>\n<\/figure>\n\n\n\n<p>Manchmal schlafe ich sehr lange und manchmal etwas k\u00fcrzer. Wenn ich wach werde, ziehe ich mich wieder an und darf dann gleich weiter spielen.<\/p>\n\n\n\n<figure class=\"wp-block-gallery has-nested-images columns-default is-cropped wp-block-gallery-7 is-layout-flex wp-block-gallery-is-layout-flex\">\n<figure class=\"wp-block-image size-large\"><img loading=\"lazy\" decoding=\"async\" width=\"1024\" height=\"878\" data-id=\"4708\" src=\"https:\/\/www.prokind-bensheim.de\/wp-content\/uploads\/2025\/01\/CIMG0001-1024x878.jpg\" alt=\"\" class=\"wp-image-4708\"\/><\/figure>\n<\/figure>\n\n\n\n<p>Wenn nun um 14.30 Uhr alle wach sind, gibt es nochmal einen kleinen Snack. Ab 14.30 Uhr darf ich abgeholt werden. Wenn meine Mama oder mein Papa mich etwas sp\u00e4ter abholt, spiele ich noch mit den anderen und wir gehen noch in den Garten. Da fahre ich mit dem Bobby-Car oder spiele im Sandkasten.<\/p>\n\n\n\n<figure class=\"wp-block-gallery has-nested-images columns-default is-cropped wp-block-gallery-8 is-layout-flex wp-block-gallery-is-layout-flex\">\n<figure class=\"wp-block-image size-large\"><img loading=\"lazy\" decoding=\"async\" width=\"1024\" height=\"683\" data-id=\"4709\" src=\"https:\/\/www.prokind-bensheim.de\/wp-content\/uploads\/2025\/01\/IMG_0632-1024x683.jpg\" alt=\"\" class=\"wp-image-4709\" srcset=\"https:\/\/www.prokind-bensheim.de\/wp-content\/uploads\/2025\/01\/IMG_0632-1024x683.jpg 1024w, https:\/\/www.prokind-bensheim.de\/wp-content\/uploads\/2025\/01\/IMG_0632-300x200.jpg 300w, https:\/\/www.prokind-bensheim.de\/wp-content\/uploads\/2025\/01\/IMG_0632-768x512.jpg 768w, https:\/\/www.prokind-bensheim.de\/wp-content\/uploads\/2025\/01\/IMG_0632-1536x1024.jpg 1536w, https:\/\/www.prokind-bensheim.de\/wp-content\/uploads\/2025\/01\/IMG_0632-2048x1365.jpg 2048w, https:\/\/www.prokind-bensheim.de\/wp-content\/uploads\/2025\/01\/IMG_0632-1200x800.jpg 1200w, https:\/\/www.prokind-bensheim.de\/wp-content\/uploads\/2025\/01\/IMG_0632-500x333.jpg 500w\" sizes=\"(max-width: 1024px) 100vw, 1024px\" \/><\/figure>\n\n\n\n<figure class=\"wp-block-image size-large\"><img loading=\"lazy\" decoding=\"async\" width=\"768\" height=\"512\" data-id=\"3776\" src=\"https:\/\/www.prokind-bensheim.de\/wp-content\/uploads\/2019\/03\/89-017-768x512.jpg\" alt=\"\" class=\"wp-image-3776\" srcset=\"https:\/\/www.prokind-bensheim.de\/wp-content\/uploads\/2019\/03\/89-017-768x512.jpg 768w, https:\/\/www.prokind-bensheim.de\/wp-content\/uploads\/2019\/03\/89-017-768x512-300x200.jpg 300w\" sizes=\"(max-width: 768px) 100vw, 768px\" \/><\/figure>\n<\/figure>\n\n\n\n<p>Bis 16.30 Uhr muss ich abgeholt werden, weil da die Krippe schlie\u00dft.<\/p>\n","protected":false},"excerpt":{"rendered":"<p>Um 7.00 Uhr darf ich in die Krippe kommen. Nachdem ich mich von meiner Mama oder meinem Papa verabschiedet habe, spiele ich in der M\u00e4use- Gruppe. Dort spielen wir dann bis alle kommen. Am liebsten schaue ich aus dem Fenster, lass mir ein Buch vorlesen oder baue in der Bauecke. Bis 8.30 Uhr m\u00fcssen wir [&hellip;]<\/p>\n","protected":false},"author":2,"featured_media":0,"parent":0,"menu_order":0,"comment_status":"closed","ping_status":"closed","template":"","meta":{"footnotes":""},"class_list":["post-4068","page","type-page","status-publish","hentry"],"_links":{"self":[{"href":"https:\/\/www.prokind-bensheim.de\/index.php?rest_route=\/wp\/v2\/pages\/4068"}],"collection":[{"href":"https:\/\/www.prokind-bensheim.de\/index.php?rest_route=\/wp\/v2\/pages"}],"about":[{"href":"https:\/\/www.prokind-bensheim.de\/index.php?rest_route=\/wp\/v2\/types\/page"}],"author":[{"embeddable":true,"href":"https:\/\/www.prokind-bensheim.de\/index.php?rest_route=\/wp\/v2\/users\/2"}],"replies":[{"embeddable":true,"href":"https:\/\/www.prokind-bensheim.de\/index.php?rest_route=%2Fwp%2Fv2%2Fcomments&post=4068"}],"version-history":[{"count":12,"href":"https:\/\/www.prokind-bensheim.de\/index.php?rest_route=\/wp\/v2\/pages\/4068\/revisions"}],"predecessor-version":[{"id":4715,"href":"https:\/\/www.prokind-bensheim.de\/index.php?rest_route=\/wp\/v2\/pages\/4068\/revisions\/4715"}],"wp:attachment":[{"href":"https:\/\/www.prokind-bensheim.de\/index.php?rest_route=%2Fwp%2Fv2%2Fmedia&parent=4068"}],"curies":[{"name":"wp","href":"https:\/\/api.w.org\/{rel}","templated":true}]}}