{"id":4051,"date":"2019-03-28T22:11:51","date_gmt":"2019-03-28T22:11:51","guid":{"rendered":"http:\/\/www.prokind-bensheim.de\/?page_id=4051"},"modified":"2020-06-06T14:03:50","modified_gmt":"2020-06-06T12:03:50","slug":"aussenanlage","status":"publish","type":"page","link":"https:\/\/www.prokind-bensheim.de\/?page_id=4051","title":{"rendered":"Aussenanlage"},"content":{"rendered":"\n<p>Das Au\u00dfengel\u00e4nde befindet sich direkt hinter der Einrichtung und bietet den Kindern nicht nur einen Sandkasten, sondern auch gen\u00fcgend Platz f\u00fcr eine Spritztour mit dem Bobby-Car.<\/p>\n\n\n\n<figure class=\"wp-block-gallery columns-3 is-cropped wp-block-gallery-1 is-layout-flex wp-block-gallery-is-layout-flex\"><ul class=\"blocks-gallery-grid\"><li class=\"blocks-gallery-item\"><figure><img loading=\"lazy\" decoding=\"async\" width=\"768\" height=\"1024\" src=\"https:\/\/www.prokind-bensheim.de\/wp-content\/uploads\/2019\/03\/CIMG8272-768x1024-768x1024.jpg\" alt=\"\" data-id=\"3666\" data-link=\"https:\/\/www.prokind-bensheim.de\/?attachment_id=3666\" class=\"wp-image-3666\" srcset=\"https:\/\/www.prokind-bensheim.de\/wp-content\/uploads\/2019\/03\/CIMG8272-768x1024.jpg 768w, https:\/\/www.prokind-bensheim.de\/wp-content\/uploads\/2019\/03\/CIMG8272-768x1024-225x300.jpg 225w\" sizes=\"(max-width: 768px) 100vw, 768px\" \/><figcaption class=\"blocks-gallery-item__caption\">Freifl\u00e4che<\/figcaption><\/figure><\/li><li class=\"blocks-gallery-item\"><figure><img loading=\"lazy\" decoding=\"async\" width=\"280\" height=\"186\" src=\"https:\/\/www.prokind-bensheim.de\/wp-content\/uploads\/2019\/03\/dsc_0018.jpg\" alt=\"\" data-id=\"3649\" data-link=\"https:\/\/www.prokind-bensheim.de\/?attachment_id=3649\" class=\"wp-image-3649\"\/><figcaption class=\"blocks-gallery-item__caption\">Rutsche und Sandkasten<\/figcaption><\/figure><\/li><li class=\"blocks-gallery-item\"><figure><img loading=\"lazy\" decoding=\"async\" width=\"280\" height=\"421\" src=\"https:\/\/www.prokind-bensheim.de\/wp-content\/uploads\/2019\/03\/dsc_0007.jpg\" alt=\"\" data-id=\"3652\" data-link=\"https:\/\/www.prokind-bensheim.de\/?attachment_id=3652\" class=\"wp-image-3652\" srcset=\"https:\/\/www.prokind-bensheim.de\/wp-content\/uploads\/2019\/03\/dsc_0007.jpg 280w, https:\/\/www.prokind-bensheim.de\/wp-content\/uploads\/2019\/03\/dsc_0007-200x300.jpg 200w\" sizes=\"(max-width: 280px) 100vw, 280px\" \/><figcaption class=\"blocks-gallery-item__caption\">Bobbycar-Garage<\/figcaption><\/figure><\/li><\/ul><\/figure>\n","protected":false},"excerpt":{"rendered":"<p>Das Au\u00dfengel\u00e4nde befindet sich direkt hinter der Einrichtung und bietet den Kindern nicht nur einen Sandkasten, sondern auch gen\u00fcgend Platz f\u00fcr eine Spritztour mit dem Bobby-Car.<\/p>\n","protected":false},"author":2,"featured_media":0,"parent":0,"menu_order":0,"comment_status":"closed","ping_status":"closed","template":"","meta":{"footnotes":""},"class_list":["post-4051","page","type-page","status-publish","hentry"],"_links":{"self":[{"href":"https:\/\/www.prokind-bensheim.de\/index.php?rest_route=\/wp\/v2\/pages\/4051"}],"collection":[{"href":"https:\/\/www.prokind-bensheim.de\/index.php?rest_route=\/wp\/v2\/pages"}],"about":[{"href":"https:\/\/www.prokind-bensheim.de\/index.php?rest_route=\/wp\/v2\/types\/page"}],"author":[{"embeddable":true,"href":"https:\/\/www.prokind-bensheim.de\/index.php?rest_route=\/wp\/v2\/users\/2"}],"replies":[{"embeddable":true,"href":"https:\/\/www.prokind-bensheim.de\/index.php?rest_route=%2Fwp%2Fv2%2Fcomments&post=4051"}],"version-history":[{"count":6,"href":"https:\/\/www.prokind-bensheim.de\/index.php?rest_route=\/wp\/v2\/pages\/4051\/revisions"}],"predecessor-version":[{"id":4335,"href":"https:\/\/www.prokind-bensheim.de\/index.php?rest_route=\/wp\/v2\/pages\/4051\/revisions\/4335"}],"wp:attachment":[{"href":"https:\/\/www.prokind-bensheim.de\/index.php?rest_route=%2Fwp%2Fv2%2Fmedia&parent=4051"}],"curies":[{"name":"wp","href":"https:\/\/api.w.org\/{rel}","templated":true}]}}