{"id":4043,"date":"2019-03-28T22:02:47","date_gmt":"2019-03-28T22:02:47","guid":{"rendered":"http:\/\/www.prokind-bensheim.de\/?page_id=4043"},"modified":"2025-01-30T10:07:18","modified_gmt":"2025-01-30T09:07:18","slug":"raeumlichkeiten","status":"publish","type":"page","link":"https:\/\/www.prokind-bensheim.de\/?page_id=4043","title":{"rendered":"R\u00e4umlichkeiten"},"content":{"rendered":"\n<p>Spielen, Herumtollen, Essen und Schlafen bed\u00fcrfen viel Platz. Und genau diesen k\u00f6nnen die Kinder in den R\u00e4umlichkeiten im Gemeindezentrum der evangelischen Kirchengemeinde in Bensheim-Auerbach genie\u00dfen.<\/p>\n\n\n\n<p>Unsere Kinderkrippe besteht aus:<br>\u2013 2 gro\u00dfen Gruppenr\u00e4umen mit unterschiedlichen Spiel-, Kreativ- und Baum\u00f6glichkeiten<br>\u2013 einer ger\u00e4umigen Essecke<br>\u2013 einer Schlafm\u00f6glichkeit in einen der Gruppenr\u00e4ume<br>\u2013 ein Sanit\u00e4rraum mit Wickelm\u00f6glichkeiten und einer Kinder-Toilette<br>\u2013 ein B\u00fcro und einer K\u00fcche<\/p>\n\n\n\n<figure class=\"wp-block-gallery has-nested-images columns-default is-cropped wp-block-gallery-1 is-layout-flex wp-block-gallery-is-layout-flex\">\n<figure class=\"wp-block-image size-large\"><img loading=\"lazy\" decoding=\"async\" width=\"768\" height=\"1024\" data-id=\"3679\" src=\"https:\/\/www.prokind-bensheim.de\/wp-content\/uploads\/2019\/03\/CIMG86541-768x1024.jpg\" alt=\"\" class=\"wp-image-3679\" srcset=\"https:\/\/www.prokind-bensheim.de\/wp-content\/uploads\/2019\/03\/CIMG86541-768x1024.jpg 768w, https:\/\/www.prokind-bensheim.de\/wp-content\/uploads\/2019\/03\/CIMG86541-225x300.jpg 225w, https:\/\/www.prokind-bensheim.de\/wp-content\/uploads\/2019\/03\/CIMG86541.jpg 1200w\" sizes=\"(max-width: 768px) 100vw, 768px\" \/><figcaption class=\"wp-element-caption\">Eingangst\u00fcr zur Kinderkrippe<\/figcaption><\/figure>\n\n\n\n<figure class=\"wp-block-image size-large is-style-default\"><img loading=\"lazy\" decoding=\"async\" width=\"768\" height=\"1024\" data-id=\"3988\" src=\"https:\/\/www.prokind-bensheim.de\/wp-content\/uploads\/2015\/01\/IMG_0706-768x1024-768x1024.jpg\" alt=\"\" class=\"wp-image-3988\" srcset=\"https:\/\/www.prokind-bensheim.de\/wp-content\/uploads\/2015\/01\/IMG_0706-768x1024.jpg 768w, https:\/\/www.prokind-bensheim.de\/wp-content\/uploads\/2015\/01\/IMG_0706-768x1024-225x300.jpg 225w, https:\/\/www.prokind-bensheim.de\/wp-content\/uploads\/2015\/01\/IMG_0706-768x1024-500x667.jpg 500w\" sizes=\"(max-width: 768px) 100vw, 768px\" \/><figcaption class=\"wp-element-caption\">T\u00fcr zum M\u00e4use-Gruppenraum<\/figcaption><\/figure>\n<\/figure>\n\n\n\n<figure class=\"wp-block-gallery has-nested-images columns-2 is-cropped wp-block-gallery-2 is-layout-flex wp-block-gallery-is-layout-flex\">\n<figure class=\"wp-block-image size-large\"><img loading=\"lazy\" decoding=\"async\" width=\"1024\" height=\"714\" data-id=\"4684\" src=\"https:\/\/www.prokind-bensheim.de\/wp-content\/uploads\/2025\/01\/Bauecke-Essbereich-1024x714.jpg\" alt=\"\" class=\"wp-image-4684\" srcset=\"https:\/\/www.prokind-bensheim.de\/wp-content\/uploads\/2025\/01\/Bauecke-Essbereich-1024x714.jpg 1024w, https:\/\/www.prokind-bensheim.de\/wp-content\/uploads\/2025\/01\/Bauecke-Essbereich-300x209.jpg 300w, https:\/\/www.prokind-bensheim.de\/wp-content\/uploads\/2025\/01\/Bauecke-Essbereich-768x535.jpg 768w, https:\/\/www.prokind-bensheim.de\/wp-content\/uploads\/2025\/01\/Bauecke-Essbereich-1536x1070.jpg 1536w, https:\/\/www.prokind-bensheim.de\/wp-content\/uploads\/2025\/01\/Bauecke-Essbereich-2048x1427.jpg 2048w, https:\/\/www.prokind-bensheim.de\/wp-content\/uploads\/2025\/01\/Bauecke-Essbereich-500x348.jpg 500w\" sizes=\"(max-width: 1024px) 100vw, 1024px\" \/><figcaption class=\"wp-element-caption\">M\u00e4use-Gruppenraum<br>Bauecke und Essbereich<br><\/figcaption><\/figure>\n\n\n\n<figure class=\"wp-block-image size-large\"><img loading=\"lazy\" decoding=\"async\" width=\"1024\" height=\"616\" data-id=\"4682\" src=\"https:\/\/www.prokind-bensheim.de\/wp-content\/uploads\/2025\/01\/Spielbereich-1024x616.jpg\" alt=\"\" class=\"wp-image-4682\" srcset=\"https:\/\/www.prokind-bensheim.de\/wp-content\/uploads\/2025\/01\/Spielbereich-1024x616.jpg 1024w, https:\/\/www.prokind-bensheim.de\/wp-content\/uploads\/2025\/01\/Spielbereich-300x181.jpg 300w, https:\/\/www.prokind-bensheim.de\/wp-content\/uploads\/2025\/01\/Spielbereich-768x462.jpg 768w, https:\/\/www.prokind-bensheim.de\/wp-content\/uploads\/2025\/01\/Spielbereich-1536x925.jpg 1536w, https:\/\/www.prokind-bensheim.de\/wp-content\/uploads\/2025\/01\/Spielbereich-2048x1233.jpg 2048w, https:\/\/www.prokind-bensheim.de\/wp-content\/uploads\/2025\/01\/Spielbereich-500x301.jpg 500w\" sizes=\"(max-width: 1024px) 100vw, 1024px\" \/><figcaption class=\"wp-element-caption\">M\u00e4use-Gruppenraum<br>Spielecke<\/figcaption><\/figure>\n\n\n\n<figure class=\"wp-block-image size-large is-style-default\"><img loading=\"lazy\" decoding=\"async\" width=\"1024\" height=\"683\" data-id=\"4681\" src=\"https:\/\/www.prokind-bensheim.de\/wp-content\/uploads\/2025\/01\/Maeuse-1024x683.jpg\" alt=\"\" class=\"wp-image-4681\" srcset=\"https:\/\/www.prokind-bensheim.de\/wp-content\/uploads\/2025\/01\/Maeuse-1024x683.jpg 1024w, https:\/\/www.prokind-bensheim.de\/wp-content\/uploads\/2025\/01\/Maeuse-300x200.jpg 300w, https:\/\/www.prokind-bensheim.de\/wp-content\/uploads\/2025\/01\/Maeuse-768x512.jpg 768w, https:\/\/www.prokind-bensheim.de\/wp-content\/uploads\/2025\/01\/Maeuse-1536x1024.jpg 1536w, https:\/\/www.prokind-bensheim.de\/wp-content\/uploads\/2025\/01\/Maeuse-2048x1365.jpg 2048w, https:\/\/www.prokind-bensheim.de\/wp-content\/uploads\/2025\/01\/Maeuse-1200x800.jpg 1200w, https:\/\/www.prokind-bensheim.de\/wp-content\/uploads\/2025\/01\/Maeuse-500x333.jpg 500w\" sizes=\"(max-width: 1024px) 100vw, 1024px\" \/><figcaption class=\"wp-element-caption\">M\u00e4use-Gruppenraum<br><\/figcaption><\/figure>\n<\/figure>\n\n\n\n<div class=\"wp-block-columns is-layout-flex wp-container-core-columns-is-layout-1 wp-block-columns-is-layout-flex\">\n<div class=\"wp-block-column is-layout-flow wp-block-column-is-layout-flow\" style=\"flex-basis:100%\">\n<figure class=\"wp-block-gallery has-nested-images columns-2 is-cropped wp-block-gallery-3 is-layout-flex wp-block-gallery-is-layout-flex\">\n<figure class=\"wp-block-image size-large\"><img loading=\"lazy\" decoding=\"async\" width=\"768\" height=\"1024\" src=\"https:\/\/www.prokind-bensheim.de\/wp-content\/uploads\/2019\/03\/IMG_0707-768x1024-768x1024.jpg\" alt=\"\" class=\"wp-image-3901\" srcset=\"https:\/\/www.prokind-bensheim.de\/wp-content\/uploads\/2019\/03\/IMG_0707-768x1024.jpg 768w, https:\/\/www.prokind-bensheim.de\/wp-content\/uploads\/2019\/03\/IMG_0707-768x1024-225x300.jpg 225w\" sizes=\"(max-width: 768px) 100vw, 768px\" \/><figcaption class=\"wp-element-caption\">T\u00fcr zum Bienchen-Gruppenraum<\/figcaption><\/figure>\n\n\n\n<figure class=\"wp-block-image size-large\"><img loading=\"lazy\" decoding=\"async\" width=\"1024\" height=\"731\" src=\"https:\/\/www.prokind-bensheim.de\/wp-content\/uploads\/2025\/01\/Bienchen-2-1024x731.jpg\" alt=\"\" class=\"wp-image-4688\"\/><figcaption class=\"wp-element-caption\">Bienchen-Gruppenraum<\/figcaption><\/figure>\n<\/figure>\n<\/div>\n<\/div>\n\n\n<div class=\"wp-block-image is-resized is-style-default\">\n<figure class=\"aligncenter size-large\"><img loading=\"lazy\" decoding=\"async\" width=\"1024\" height=\"768\" src=\"https:\/\/www.prokind-bensheim.de\/wp-content\/uploads\/2025\/01\/Bienchen-1-1024x768.jpg\" alt=\"\" class=\"wp-image-4687\" srcset=\"https:\/\/www.prokind-bensheim.de\/wp-content\/uploads\/2025\/01\/Bienchen-1-1024x768.jpg 1024w, https:\/\/www.prokind-bensheim.de\/wp-content\/uploads\/2025\/01\/Bienchen-1-300x225.jpg 300w, https:\/\/www.prokind-bensheim.de\/wp-content\/uploads\/2025\/01\/Bienchen-1-768x576.jpg 768w, https:\/\/www.prokind-bensheim.de\/wp-content\/uploads\/2025\/01\/Bienchen-1-1536x1152.jpg 1536w, https:\/\/www.prokind-bensheim.de\/wp-content\/uploads\/2025\/01\/Bienchen-1-2048x1536.jpg 2048w, https:\/\/www.prokind-bensheim.de\/wp-content\/uploads\/2025\/01\/Bienchen-1-600x450.jpg 600w, https:\/\/www.prokind-bensheim.de\/wp-content\/uploads\/2025\/01\/Bienchen-1-500x375.jpg 500w\" sizes=\"(max-width: 1024px) 100vw, 1024px\" \/><\/figure><\/div>\n\n\n<p><br><\/p>\n\n\n\n<p><\/p>\n","protected":false},"excerpt":{"rendered":"<p>Spielen, Herumtollen, Essen und Schlafen bed\u00fcrfen viel Platz. Und genau diesen k\u00f6nnen die Kinder in den R\u00e4umlichkeiten im Gemeindezentrum der evangelischen Kirchengemeinde in Bensheim-Auerbach genie\u00dfen. Unsere Kinderkrippe besteht aus:\u2013 2 gro\u00dfen Gruppenr\u00e4umen mit unterschiedlichen Spiel-, Kreativ- und Baum\u00f6glichkeiten\u2013 einer ger\u00e4umigen Essecke\u2013 einer Schlafm\u00f6glichkeit in einen der Gruppenr\u00e4ume\u2013 ein Sanit\u00e4rraum mit Wickelm\u00f6glichkeiten und einer Kinder-Toilette\u2013 ein [&hellip;]<\/p>\n","protected":false},"author":2,"featured_media":0,"parent":0,"menu_order":0,"comment_status":"closed","ping_status":"closed","template":"","meta":{"footnotes":""},"class_list":["post-4043","page","type-page","status-publish","hentry"],"_links":{"self":[{"href":"https:\/\/www.prokind-bensheim.de\/index.php?rest_route=\/wp\/v2\/pages\/4043"}],"collection":[{"href":"https:\/\/www.prokind-bensheim.de\/index.php?rest_route=\/wp\/v2\/pages"}],"about":[{"href":"https:\/\/www.prokind-bensheim.de\/index.php?rest_route=\/wp\/v2\/types\/page"}],"author":[{"embeddable":true,"href":"https:\/\/www.prokind-bensheim.de\/index.php?rest_route=\/wp\/v2\/users\/2"}],"replies":[{"embeddable":true,"href":"https:\/\/www.prokind-bensheim.de\/index.php?rest_route=%2Fwp%2Fv2%2Fcomments&post=4043"}],"version-history":[{"count":17,"href":"https:\/\/www.prokind-bensheim.de\/index.php?rest_route=\/wp\/v2\/pages\/4043\/revisions"}],"predecessor-version":[{"id":4693,"href":"https:\/\/www.prokind-bensheim.de\/index.php?rest_route=\/wp\/v2\/pages\/4043\/revisions\/4693"}],"wp:attachment":[{"href":"https:\/\/www.prokind-bensheim.de\/index.php?rest_route=%2Fwp%2Fv2%2Fmedia&parent=4043"}],"curies":[{"name":"wp","href":"https:\/\/api.w.org\/{rel}","templated":true}]}}