{"id":4021,"date":"2019-03-28T20:45:57","date_gmt":"2019-03-28T20:45:57","guid":{"rendered":"http:\/\/www.prokind-bensheim.de\/?page_id=4021"},"modified":"2025-09-17T07:49:41","modified_gmt":"2025-09-17T05:49:41","slug":"preise-2","status":"publish","type":"page","link":"https:\/\/www.prokind-bensheim.de\/?page_id=4021","title":{"rendered":"Preise und Anmeldung"},"content":{"rendered":"\n<h2 class=\"wp-block-heading\">Preise<\/h2>\n\n\n\n<p class=\"has-text-align-left\">Die Kosten der Betreuung und des Unterhalts der R\u00e4umlichkeiten werden durch Betreuungsentgelte, Vereinsbeitr\u00e4ge und Zusch\u00fcsse der Stadt Bensheim und des Landes Hessen getragen.<\/p>\n\n\n\n<p><\/p>\n\n\n\n<figure class=\"wp-block-table\"><table><tbody><tr><td><\/td><td><\/td><td><strong>Zeitraum<\/strong><\/td><td><strong>Buchbar<\/strong><\/td><td><strong>Kosten<\/strong><\/td><\/tr><tr><td><strong>Modul 1<\/strong><\/td><td><\/td><td>7:00 bis 7:30 Uhr<\/td><td>monatlich<\/td><td>\u20ac 35,00<\/td><\/tr><tr><td><strong>Modul 2<\/strong>   <br><\/td><td><\/td><td>7:30 bis 14:30 Uhr<\/td><td>monatlich<\/td><td>\u20ac 339,50<\/td><\/tr><tr><td><br><strong>Modul 3<\/strong><\/td><td><\/td><td>14:30 bis 16:00 Uhr<\/td><td>monatlich<\/td><td>\u20ac 73,00<\/td><\/tr><tr><td><br><strong>Modul 4<\/strong><\/td><td><\/td><td>16:00 bis 16:30 Uhr<\/td><td>monatlich<\/td><td>\u20ac 35,00<\/td><\/tr><tr><td><strong>Montag bis Donnerstag<\/strong><\/td><td><\/td><td>16:00 bis 16:30 Uhr<\/td><td><\/td><td><\/td><\/tr><tr><td><strong>Freitag<\/strong><\/td><td><\/td><td>Betreuung nur bis 16 Uhr<\/td><td><\/td><td><\/td><\/tr><\/tbody><\/table><\/figure>\n\n\n\n<p class=\"has-text-align-left\"><\/p>\n\n\n\n<p class=\"has-text-align-left\">Fr\u00fchst\u00fccksgeld: 15 Euro\/Monat&nbsp;&nbsp;&nbsp;&nbsp;<br>Windelgeld: 15 Euro\/Monat<\/p>\n\n\n\n<p class=\"has-text-align-left\"><u>Weitere Optionen:<\/u><br>Sonderbuchungen sind nach vorheriger Absprache\/ mit Zustimmung des Erzieherteams m\u00f6glich.<\/p>\n\n\n\n<p class=\"has-text-align-left\">Sonderbuchung Modul&nbsp; 1 = 5 Euro \/ Tag<br>Sonderbuchung Modul 3 = 15 Euro \/ Tag<\/p>\n\n\n\n<p class=\"has-text-align-left\">Sonderbuchung Modul 4 = 5 Euro \/ Tag<\/p>\n\n\n\n<h2 class=\"wp-block-heading\">Anmeldung<\/h2>\n\n\n\n<p>Die Anmeldung erfolgt \u00fcber das Elternportal Little Bird, der Stadt Bensheim.<\/p>\n\n\n\n<p>Einfach <a href=\"https:\/\/kinderbetreuung-bensheim.little-bird.de\/\">hier<\/a> klicken, um zum Elternportal zu gelangen.<\/p>\n\n\n\n<p><\/p>\n","protected":false},"excerpt":{"rendered":"<p>Preise Die Kosten der Betreuung und des Unterhalts der R\u00e4umlichkeiten werden durch Betreuungsentgelte, Vereinsbeitr\u00e4ge und Zusch\u00fcsse der Stadt Bensheim und des Landes Hessen getragen. Zeitraum Buchbar Kosten Modul 1 7:00 bis 7:30 Uhr monatlich \u20ac 35,00 Modul 2 7:30 bis 14:30 Uhr monatlich \u20ac 339,50 Modul 3 14:30 bis 16:00 Uhr monatlich \u20ac 73,00 Modul [&hellip;]<\/p>\n","protected":false},"author":2,"featured_media":0,"parent":0,"menu_order":0,"comment_status":"closed","ping_status":"closed","template":"","meta":{"footnotes":""},"class_list":["post-4021","page","type-page","status-publish","hentry"],"_links":{"self":[{"href":"https:\/\/www.prokind-bensheim.de\/index.php?rest_route=\/wp\/v2\/pages\/4021"}],"collection":[{"href":"https:\/\/www.prokind-bensheim.de\/index.php?rest_route=\/wp\/v2\/pages"}],"about":[{"href":"https:\/\/www.prokind-bensheim.de\/index.php?rest_route=\/wp\/v2\/types\/page"}],"author":[{"embeddable":true,"href":"https:\/\/www.prokind-bensheim.de\/index.php?rest_route=\/wp\/v2\/users\/2"}],"replies":[{"embeddable":true,"href":"https:\/\/www.prokind-bensheim.de\/index.php?rest_route=%2Fwp%2Fv2%2Fcomments&post=4021"}],"version-history":[{"count":31,"href":"https:\/\/www.prokind-bensheim.de\/index.php?rest_route=\/wp\/v2\/pages\/4021\/revisions"}],"predecessor-version":[{"id":4744,"href":"https:\/\/www.prokind-bensheim.de\/index.php?rest_route=\/wp\/v2\/pages\/4021\/revisions\/4744"}],"wp:attachment":[{"href":"https:\/\/www.prokind-bensheim.de\/index.php?rest_route=%2Fwp%2Fv2%2Fmedia&parent=4021"}],"curies":[{"name":"wp","href":"https:\/\/api.w.org\/{rel}","templated":true}]}}