{"id":35,"date":"2019-02-14T22:17:37","date_gmt":"2019-02-14T22:17:37","guid":{"rendered":"http:\/\/www.prokind-bensheim.de\/?page_id=35"},"modified":"2024-08-19T16:33:47","modified_gmt":"2024-08-19T14:33:47","slug":"paedagogisches-konzept","status":"publish","type":"page","link":"https:\/\/www.prokind-bensheim.de\/?page_id=35","title":{"rendered":"P\u00e4dagogisches Konzept"},"content":{"rendered":"\n<h2 class=\"wp-block-heading\">&#8222;Wo Eure Kleinsten die Gr\u00f6\u00dften sind!&#8220;<\/h2>\n\n\n\n<p>Zu unserem vollst\u00e4ndigen p\u00e4dagogischen Konzept als PDF klicken Sie bitte <a rel=\"noreferrer noopener\" aria-label=\"hier (\u00f6ffnet in neuem Tab)\" href=\"https:\/\/www.prokind-bensheim.de\/wp-content\/uploads\/2020\/09\/Konzeption-Pro-Kind-e.V..pdf\" target=\"_blank\">hier<\/a>!<\/p>\n\n\n\n<p>Auf der Suche nach der optimalen Betreuung f\u00fcr sein Kind k\u00e4mpft man sich als Elternteil, in der heutigen Zeit, durch unz\u00e4hlige Betreuungsm\u00f6glichkeiten. Von der Tagesmutter \u00fcber eine Einrichtung, in der Krippe und Kindergarten vereint ist, bis hin zur Krippe in der lediglich 1-3 J\u00e4hrige untergebracht sind. Dabei schwirren einem als Elternteil die unterschiedlichsten Fragen durch den Kopf: \u201eWie sind die \u00d6ffnungs- und Schlie\u00df-Zeiten der Krippe?\u201c, \u201eWie gro\u00df sind die Gruppen?\u201c, \u201eWie ist der Betreuungsschl\u00fcssel?\u201c \u2013 dies und vieles mehr will und muss w\u00e4hrend der \u201eFindungs-Phase\u201c der optimalen Betreuung beantwortet werden.<\/p>\n\n\n\n<p>Da wir im Vorstand, deren Kinder alle hier bei Pro Kind betreut werden, diese schwere Phase der Entscheidung kennen, wollen wir Ihnen mit diesem Schreiben helfen einige der Fragen zu beantworten und Ihnen die Vorz\u00fcge unseres Vereins Pro Kind n\u00e4her bringen. Mit Pro Kind als e.V. bieten wir eine kleine Einrichtung mit einem Betreuungsangebot f\u00fcr maximal 12 Kinder. Bei Pro Kind werden Kinder von 9 Monaten bis 3 Jahren betreut.<\/p>\n\n\n\n<p>Die 12 Kinder werden liebevoll von unseren Erzieher(innen) betreut, gef\u00f6rdert und ja, auch gefordert. Die geringe Anzahl an zu betreuenden Kindern schafft eine famili\u00e4re Atmosph\u00e4re, in der die Kinder schnell auftauen, aufbl\u00fchen und die Zeit im Kreise ihrer \u201ekleinen und gro\u00dfen\u201c Freunde sehr genie\u00dfen. Dadurch, dass nur diese eine Gruppe in der Krippe existiert, sind alle Besch\u00e4ftigten in gleicher Weise gute Bezugspersonen. Als Eltern muss man sich keine Gedanken machen, dass das Kind in \u201eRandzeiten\u201c von Personen betreut wird, die dem Kind sonst unbekannt sind. Dieses enge miteinander erm\u00f6glicht es den Erzieher(innen), die Kinder genau zu beobachten, gezielt zu f\u00f6rdern und in problematischen Situationen Kind und Eltern individuell mit Rat und Tat zur Seite zustehen.<\/p>\n\n\n\n<p>Die Entwicklung Ihres Kindes wird mit den Erziehern regelm\u00e4\u00dfig in den sogenannten \u201eEntwicklungs-Gespr\u00e4chen\u201c erl\u00e4utert. Hierbei bekommen Sie auch Bilder und kleine Videos gezeigt, die Ihnen einen Eindruck Ihres Kindes im Krippen-Alltag gibt. Auch das Portfolio, das die Erzieher in liebevoller Kleinstarbeit f\u00fchren, wird Ihnen am Ende der Krippenzeit \u00fcberreicht. Hier sind alle \u201eSchritte\u201c und besonderen Tage, lustige Ereignisse und \u00e4hnliches Ihres Kindes beschrieben.<\/p>\n\n\n\n<p>Ein individuelles Jahresprogramm wird abgerundet durch Events, an denen die Eltern und Kinder zusammen teilnehmen z. B. Weihnachtsfeier, Laternenfest, Sommerfest. Hier besteht die M\u00f6glichkeit andere Eltern kennen zu lernen und sich im entspannten Rahmen mit den Erzieher(innen) auszutauschen.<\/p>\n\n\n\n<p>Des Weiteren bietet Pro Kind eine Betreuungszeit von Montag bis Donnerstag von 7:00 bis 16:30 Uhr und freitags von 7.00 bis 16.00 Uhr, die in unterschiedlichen Modulen buchbar ist und bei Bedarf auch kurzfristig\u00a0aufgestockt werden kann. Dies bietet uns Eltern ein gro\u00dfes Ma\u00df an Flexibilit\u00e4t. N\u00e4here Informationen zu den Betreuungsmodulen finden Sie im Hauptmenu unter &#8222;Preise&#8220; oder <u><a href=\"http:\/\/www.prokind-bensheim.de\/?page_id=4021\">hier<\/a><\/u>. <br><\/p>\n\n\n\n<p>Dieses besondere Konzept ist jedoch nur m\u00f6glich durch unsere Struktur als Verein und die damit verbundene Mitarbeit durch die Eltern. So muss jedes Elternpaar 2 mal pro Monat kochen \u2013 hierf\u00fcr werden einfache Rezepte von der Krippe verteilt. Dies erm\u00f6glicht abwechslungsreiche und vor allem selbst gekochte Mahlzeiten f\u00fcr die Kinder, mit saisonalem Wechsel zum Sommer \/ Winter. Zus\u00e4tzlich m\u00fcssen pro Jahr pro Kind ca. 15 \u201eArbeitsstunden\u201c f\u00fcr die Krippe geleistet werden \u2013 dies kann vom T\u00fcren reparieren, \u00fcber die gro\u00dfe Desinfektionsaktion bis hin zum Elterndienst, bei dem ein Elternteil zusammen mit einem Erzieher den Nachmittagsdienst \u00fcbernimmt, sein.<\/p>\n\n\n\n<p>Der Lohn dieser M\u00fche ist eine, mit anderen Einrichtungen schwer zu vergleichenden, einzigartige N\u00e4he zu den Team und den anderen Eltern, welche schon famili\u00e4re Z\u00fcge aufweist, so wie man es sich bei der Betreuung unserer Kinder ertr\u00e4umt.<\/p>\n\n\n\n<p>Wir w\u00fcrden uns freuen, Sie und Ihr Kind bald bei uns &#8211; bei Pro Kind in Bensheim-Auerbach &#8211; begr\u00fc\u00dfen zu k\u00f6nnen!<\/p>\n\n\n\n<p>Der Vorstand<\/p>\n","protected":false},"excerpt":{"rendered":"<p>&#8222;Wo Eure Kleinsten die Gr\u00f6\u00dften sind!&#8220; Zu unserem vollst\u00e4ndigen p\u00e4dagogischen Konzept als PDF klicken Sie bitte hier! Auf der Suche nach der optimalen Betreuung f\u00fcr sein Kind k\u00e4mpft man sich als Elternteil, in der heutigen Zeit, durch unz\u00e4hlige Betreuungsm\u00f6glichkeiten. Von der Tagesmutter \u00fcber eine Einrichtung, in der Krippe und Kindergarten vereint ist, bis hin zur [&hellip;]<\/p>\n","protected":false},"author":2,"featured_media":0,"parent":0,"menu_order":0,"comment_status":"closed","ping_status":"closed","template":"","meta":{"footnotes":""},"class_list":["post-35","page","type-page","status-publish","hentry"],"_links":{"self":[{"href":"https:\/\/www.prokind-bensheim.de\/index.php?rest_route=\/wp\/v2\/pages\/35"}],"collection":[{"href":"https:\/\/www.prokind-bensheim.de\/index.php?rest_route=\/wp\/v2\/pages"}],"about":[{"href":"https:\/\/www.prokind-bensheim.de\/index.php?rest_route=\/wp\/v2\/types\/page"}],"author":[{"embeddable":true,"href":"https:\/\/www.prokind-bensheim.de\/index.php?rest_route=\/wp\/v2\/users\/2"}],"replies":[{"embeddable":true,"href":"https:\/\/www.prokind-bensheim.de\/index.php?rest_route=%2Fwp%2Fv2%2Fcomments&post=35"}],"version-history":[{"count":23,"href":"https:\/\/www.prokind-bensheim.de\/index.php?rest_route=\/wp\/v2\/pages\/35\/revisions"}],"predecessor-version":[{"id":4648,"href":"https:\/\/www.prokind-bensheim.de\/index.php?rest_route=\/wp\/v2\/pages\/35\/revisions\/4648"}],"wp:attachment":[{"href":"https:\/\/www.prokind-bensheim.de\/index.php?rest_route=%2Fwp%2Fv2%2Fmedia&parent=35"}],"curies":[{"name":"wp","href":"https:\/\/api.w.org\/{rel}","templated":true}]}}